{"id":22098,"date":"2025-01-20T09:27:58","date_gmt":"2025-01-20T08:27:58","guid":{"rendered":"https:\/\/set-sail.fr\/croisiere-privee-avec-skipper\/"},"modified":"2025-01-20T16:12:08","modified_gmt":"2025-01-20T15:12:08","slug":"private-kreuzfahrt-mit-skipper","status":"publish","type":"page","link":"https:\/\/set-sail.fr\/de\/private-kreuzfahrt-mit-skipper\/","title":{"rendered":"Private Kreuzfahrt Mit Skipper"},"content":{"rendered":"<h1>Kreuzfahrt an der C\u00f4te d&#8217;Azur<\/h1>\n<p>M\u00f6chten Sie die C\u00f4te d&#8217;Azur vom Meer aus entdecken, ihre wundersch\u00f6nen Buchten erkunden und einen au\u00dfergew\u00f6hnlichen Urlaub genie\u00dfen? W\u00e4hlen Sie eine Kreuzfahrt an Bord eines unserer Segelboote mit Abfahrt von Toulon oder einem Hafen Ihrer Wahl.<\/p>\n<p>An Bord werden Sie von Ihrem Skipper empfangen. Gemeinsam planen Sie Ihre Traumroute, einschlie\u00dflich Ihrer Landetappen und Ankerpl\u00e4tze in den sch\u00f6nsten Buchten. Ihr Skipper wird Ihnen die Region gerne vom Meer aus zeigen.<\/p>\n<p>An Bord steht Ihnen s\u00e4mtliches Freizeitequipment (Schnorchelset, Paddleboard&#8230;) zur Verf\u00fcgung, um Ihr Badeerlebnis zu bereichern und unvergessliche Erinnerungen zu schaffen. Wenn Sie m\u00f6chten, bringt Ihnen Ihr Skipper auch gerne die Bootsman\u00f6ver bei.<\/p>\n<p>Optional k\u00f6nnen Sie die Dienste eines Stewards\/Kochs in Anspruch nehmen, der sich um die Zubereitung der Mahlzeiten und die Hauswirtschaft k\u00fcmmert, damit Sie Ihren Urlaub in vollen Z\u00fcgen genie\u00dfen k\u00f6nnen.<\/p>\n<p class=\"highlight\">W\u00e4hlen Sie Ihr Boot, Ihre Termine, Ihre Optionen und starten Sie in Ihren unvergesslichen Urlaub!<\/p>\n<div class=\"included\">\n<h2>Inklusive Leistungen:<\/h2>\n<ul>\n<li>Privates Segelboot<\/li>\n<li>Skipper-Service<\/li>\n<li>Ein Set Bettw\u00e4sche und Handt\u00fccher pro Person und Woche<\/li>\n<li>Versicherung f\u00fcr das Boot und die Passagiere<\/li>\n<li>Wassersport an Bord: Schnorchelausr\u00fcstung (Flossen, Maske, Schnorchel), Paddleboard oder Seekajak<\/li>\n<\/ul>\n<\/div>\n<div class=\"not-included\">\n<h2>Nicht im Preis enthalten:<\/h2>\n<ul>\n<li>Zug- oder Flugtickets zum Einschiffungshafen<\/li>\n<li>Transfers zwischen Bahnhof\/Flughafen und Einschiffungshafen<\/li>\n<li>Verpflegung an Bord (Essen, Getr\u00e4nke)<\/li>\n<li>Verbrauchsmaterialien f\u00fcr das Boot (Wasser, Treibstoff, Diesel)<\/li>\n<li>Hafengeb\u00fchren w\u00e4hrend der Etappen<\/li>\n<\/ul>\n<\/div>\n<div class=\"options\">\n<h2>Optionale Leistungen:<\/h2>\n<ul>\n<li>Steward\/Koch-Service (eine Kabine muss f\u00fcr sie reserviert werden)<\/li>\n<li>Vollpension (Fr\u00fchst\u00fcck, Mittagessen, Abendessen)<\/li>\n<li>Getr\u00e4nke zu den Mahlzeiten inklusive: Wasser, Saft, Softdrinks und Tischwein (\u00bdL\/Person\/Tag)<\/li>\n<li>Ein lokaler Aperitif pro Person, der jeden Abend angeboten wird (z. B. Rum, Prosecco oder alkoholfreie Optionen wie Saft oder Softdrinks)<\/li>\n<li>Crew-Service: 2 Personen (Kapit\u00e4n, Steward\/Koch)<\/li>\n<\/ul>\n<\/div>\n","protected":false},"excerpt":{"rendered":"<p>Kreuzfahrt an der C\u00f4te d&#8217;Azur M\u00f6chten Sie die C\u00f4te d&#8217;Azur vom Meer aus entdecken, ihre wundersch\u00f6nen Buchten erkunden und einen au\u00dfergew\u00f6hnlichen Urlaub genie\u00dfen? W\u00e4hlen Sie eine Kreuzfahrt an Bord eines unserer Segelboote mit Abfahrt von Toulon oder einem Hafen Ihrer Wahl. An Bord werden Sie von Ihrem Skipper empfangen. Gemeinsam planen Sie Ihre Traumroute, einschlie\u00dflich&hellip; <a class=\"more-link\" href=\"https:\/\/set-sail.fr\/de\/private-kreuzfahrt-mit-skipper\/\">Continue reading <span class=\"screen-reader-text\">Private Kreuzfahrt Mit Skipper<\/span><\/a><\/p>\n","protected":false},"author":1,"featured_media":0,"parent":0,"menu_order":0,"comment_status":"closed","ping_status":"closed","template":"page-templates\/page-croisiere.php","meta":{"_acf_changed":false,"inline_featured_image":false,"footnotes":""},"class_list":["post-22098","page","type-page","status-publish","hentry"],"acf":[],"yoast_head":"<!-- This site is optimized with the Yoast SEO plugin v27.3 - https:\/\/yoast.com\/product\/yoast-seo-wordpress\/ -->\n<title>Private Kreuzfahrt Mit Skipper - Set Sail<\/title>\n<meta name=\"robots\" content=\"index, follow, max-snippet:-1, max-image-preview:large, max-video-preview:-1\" \/>\n<link rel=\"canonical\" href=\"https:\/\/set-sail.fr\/de\/private-kreuzfahrt-mit-skipper\/\" \/>\n<meta property=\"og:locale\" content=\"de_DE\" \/>\n<meta property=\"og:type\" content=\"article\" \/>\n<meta property=\"og:title\" content=\"Private Kreuzfahrt Mit Skipper - Set Sail\" \/>\n<meta property=\"og:description\" content=\"Kreuzfahrt an der C\u00f4te d&#8217;Azur M\u00f6chten Sie die C\u00f4te d&#8217;Azur vom Meer aus entdecken, ihre wundersch\u00f6nen Buchten erkunden und einen au\u00dfergew\u00f6hnlichen Urlaub genie\u00dfen? W\u00e4hlen Sie eine Kreuzfahrt an Bord eines unserer Segelboote mit Abfahrt von Toulon oder einem Hafen Ihrer Wahl. An Bord werden Sie von Ihrem Skipper empfangen. Gemeinsam planen Sie Ihre Traumroute, einschlie\u00dflich&hellip; Continue reading Private Kreuzfahrt Mit Skipper\" \/>\n<meta property=\"og:url\" content=\"https:\/\/set-sail.fr\/de\/private-kreuzfahrt-mit-skipper\/\" \/>\n<meta property=\"og:site_name\" content=\"Set Sail\" \/>\n<meta property=\"article:publisher\" content=\"https:\/\/www.facebook.com\/set.sail.france\/\" \/>\n<meta property=\"article:modified_time\" content=\"2025-01-20T15:12:08+00:00\" \/>\n<meta name=\"twitter:card\" content=\"summary_large_image\" \/>\n<meta name=\"twitter:site\" content=\"@set_sail_france\" \/>\n<meta name=\"twitter:label1\" content=\"Est. reading time\" \/>\n\t<meta name=\"twitter:data1\" content=\"2 minutes\" \/>\n<script type=\"application\/ld+json\" class=\"yoast-schema-graph\">{\"@context\":\"https:\\\/\\\/schema.org\",\"@graph\":[{\"@type\":\"WebPage\",\"@id\":\"https:\\\/\\\/set-sail.fr\\\/de\\\/private-kreuzfahrt-mit-skipper\\\/\",\"url\":\"https:\\\/\\\/set-sail.fr\\\/de\\\/private-kreuzfahrt-mit-skipper\\\/\",\"name\":\"Private Kreuzfahrt Mit Skipper - Set Sail\",\"isPartOf\":{\"@id\":\"https:\\\/\\\/set-sail.fr\\\/de\\\/#website\"},\"datePublished\":\"2025-01-20T08:27:58+00:00\",\"dateModified\":\"2025-01-20T15:12:08+00:00\",\"breadcrumb\":{\"@id\":\"https:\\\/\\\/set-sail.fr\\\/de\\\/private-kreuzfahrt-mit-skipper\\\/#breadcrumb\"},\"inLanguage\":\"de-DE\",\"potentialAction\":[{\"@type\":\"ReadAction\",\"target\":[\"https:\\\/\\\/set-sail.fr\\\/de\\\/private-kreuzfahrt-mit-skipper\\\/\"]}]},{\"@type\":\"BreadcrumbList\",\"@id\":\"https:\\\/\\\/set-sail.fr\\\/de\\\/private-kreuzfahrt-mit-skipper\\\/#breadcrumb\",\"itemListElement\":[{\"@type\":\"ListItem\",\"position\":1,\"name\":\"Accueil\",\"item\":\"https:\\\/\\\/set-sail.fr\\\/de\\\/\"},{\"@type\":\"ListItem\",\"position\":2,\"name\":\"Private Kreuzfahrt Mit Skipper\"}]},{\"@type\":\"WebSite\",\"@id\":\"https:\\\/\\\/set-sail.fr\\\/de\\\/#website\",\"url\":\"https:\\\/\\\/set-sail.fr\\\/de\\\/\",\"name\":\"Set Sail\",\"description\":\"Mettons les voiles ensemble - Gestion\\\/Location Bateau sur le bassin M\u00e9diterran\u00e9en - Toulon - La Seyne-sur-Mer - Saint Mandrier - Porquerolles\",\"publisher\":{\"@id\":\"https:\\\/\\\/set-sail.fr\\\/de\\\/#organization\"},\"potentialAction\":[{\"@type\":\"SearchAction\",\"target\":{\"@type\":\"EntryPoint\",\"urlTemplate\":\"https:\\\/\\\/set-sail.fr\\\/de\\\/?s={search_term_string}\"},\"query-input\":{\"@type\":\"PropertyValueSpecification\",\"valueRequired\":true,\"valueName\":\"search_term_string\"}}],\"inLanguage\":\"de-DE\"},{\"@type\":\"Organization\",\"@id\":\"https:\\\/\\\/set-sail.fr\\\/de\\\/#organization\",\"name\":\"Set Sail\",\"url\":\"https:\\\/\\\/set-sail.fr\\\/de\\\/\",\"logo\":{\"@type\":\"ImageObject\",\"inLanguage\":\"de-DE\",\"@id\":\"https:\\\/\\\/set-sail.fr\\\/de\\\/#\\\/schema\\\/logo\\\/image\\\/\",\"url\":\"https:\\\/\\\/set-sail.fr\\\/wp-content\\\/uploads\\\/2023\\\/02\\\/logo-bleu.png\",\"contentUrl\":\"https:\\\/\\\/set-sail.fr\\\/wp-content\\\/uploads\\\/2023\\\/02\\\/logo-bleu.png\",\"width\":657,\"height\":270,\"caption\":\"Set Sail\"},\"image\":{\"@id\":\"https:\\\/\\\/set-sail.fr\\\/de\\\/#\\\/schema\\\/logo\\\/image\\\/\"},\"sameAs\":[\"https:\\\/\\\/www.facebook.com\\\/set.sail.france\\\/\",\"https:\\\/\\\/x.com\\\/set_sail_france\",\"https:\\\/\\\/www.instagram.com\\\/set_sail_france\\\/\"]}]}<\/script>\n<!-- \/ Yoast SEO plugin. -->","yoast_head_json":{"title":"Private Kreuzfahrt Mit Skipper - Set Sail","robots":{"index":"index","follow":"follow","max-snippet":"max-snippet:-1","max-image-preview":"max-image-preview:large","max-video-preview":"max-video-preview:-1"},"canonical":"https:\/\/set-sail.fr\/de\/private-kreuzfahrt-mit-skipper\/","og_locale":"de_DE","og_type":"article","og_title":"Private Kreuzfahrt Mit Skipper - Set Sail","og_description":"Kreuzfahrt an der C\u00f4te d&#8217;Azur M\u00f6chten Sie die C\u00f4te d&#8217;Azur vom Meer aus entdecken, ihre wundersch\u00f6nen Buchten erkunden und einen au\u00dfergew\u00f6hnlichen Urlaub genie\u00dfen? W\u00e4hlen Sie eine Kreuzfahrt an Bord eines unserer Segelboote mit Abfahrt von Toulon oder einem Hafen Ihrer Wahl. An Bord werden Sie von Ihrem Skipper empfangen. Gemeinsam planen Sie Ihre Traumroute, einschlie\u00dflich&hellip; Continue reading Private Kreuzfahrt Mit Skipper","og_url":"https:\/\/set-sail.fr\/de\/private-kreuzfahrt-mit-skipper\/","og_site_name":"Set Sail","article_publisher":"https:\/\/www.facebook.com\/set.sail.france\/","article_modified_time":"2025-01-20T15:12:08+00:00","twitter_card":"summary_large_image","twitter_site":"@set_sail_france","twitter_misc":{"Est. reading time":"2 minutes"},"schema":{"@context":"https:\/\/schema.org","@graph":[{"@type":"WebPage","@id":"https:\/\/set-sail.fr\/de\/private-kreuzfahrt-mit-skipper\/","url":"https:\/\/set-sail.fr\/de\/private-kreuzfahrt-mit-skipper\/","name":"Private Kreuzfahrt Mit Skipper - Set Sail","isPartOf":{"@id":"https:\/\/set-sail.fr\/de\/#website"},"datePublished":"2025-01-20T08:27:58+00:00","dateModified":"2025-01-20T15:12:08+00:00","breadcrumb":{"@id":"https:\/\/set-sail.fr\/de\/private-kreuzfahrt-mit-skipper\/#breadcrumb"},"inLanguage":"de-DE","potentialAction":[{"@type":"ReadAction","target":["https:\/\/set-sail.fr\/de\/private-kreuzfahrt-mit-skipper\/"]}]},{"@type":"BreadcrumbList","@id":"https:\/\/set-sail.fr\/de\/private-kreuzfahrt-mit-skipper\/#breadcrumb","itemListElement":[{"@type":"ListItem","position":1,"name":"Accueil","item":"https:\/\/set-sail.fr\/de\/"},{"@type":"ListItem","position":2,"name":"Private Kreuzfahrt Mit Skipper"}]},{"@type":"WebSite","@id":"https:\/\/set-sail.fr\/de\/#website","url":"https:\/\/set-sail.fr\/de\/","name":"Set Sail","description":"Mettons les voiles ensemble - Gestion\/Location Bateau sur le bassin M\u00e9diterran\u00e9en - Toulon - La Seyne-sur-Mer - Saint Mandrier - Porquerolles","publisher":{"@id":"https:\/\/set-sail.fr\/de\/#organization"},"potentialAction":[{"@type":"SearchAction","target":{"@type":"EntryPoint","urlTemplate":"https:\/\/set-sail.fr\/de\/?s={search_term_string}"},"query-input":{"@type":"PropertyValueSpecification","valueRequired":true,"valueName":"search_term_string"}}],"inLanguage":"de-DE"},{"@type":"Organization","@id":"https:\/\/set-sail.fr\/de\/#organization","name":"Set Sail","url":"https:\/\/set-sail.fr\/de\/","logo":{"@type":"ImageObject","inLanguage":"de-DE","@id":"https:\/\/set-sail.fr\/de\/#\/schema\/logo\/image\/","url":"https:\/\/set-sail.fr\/wp-content\/uploads\/2023\/02\/logo-bleu.png","contentUrl":"https:\/\/set-sail.fr\/wp-content\/uploads\/2023\/02\/logo-bleu.png","width":657,"height":270,"caption":"Set Sail"},"image":{"@id":"https:\/\/set-sail.fr\/de\/#\/schema\/logo\/image\/"},"sameAs":["https:\/\/www.facebook.com\/set.sail.france\/","https:\/\/x.com\/set_sail_france","https:\/\/www.instagram.com\/set_sail_france\/"]}]}},"_links":{"self":[{"href":"https:\/\/set-sail.fr\/de\/wp-json\/wp\/v2\/pages\/22098","targetHints":{"allow":["GET"]}}],"collection":[{"href":"https:\/\/set-sail.fr\/de\/wp-json\/wp\/v2\/pages"}],"about":[{"href":"https:\/\/set-sail.fr\/de\/wp-json\/wp\/v2\/types\/page"}],"author":[{"embeddable":true,"href":"https:\/\/set-sail.fr\/de\/wp-json\/wp\/v2\/users\/1"}],"replies":[{"embeddable":true,"href":"https:\/\/set-sail.fr\/de\/wp-json\/wp\/v2\/comments?post=22098"}],"version-history":[{"count":3,"href":"https:\/\/set-sail.fr\/de\/wp-json\/wp\/v2\/pages\/22098\/revisions"}],"predecessor-version":[{"id":22105,"href":"https:\/\/set-sail.fr\/de\/wp-json\/wp\/v2\/pages\/22098\/revisions\/22105"}],"wp:attachment":[{"href":"https:\/\/set-sail.fr\/de\/wp-json\/wp\/v2\/media?parent=22098"}],"curies":[{"name":"wp","href":"https:\/\/api.w.org\/{rel}","templated":true}]}}