{"id":21456,"date":"2024-03-29T16:03:23","date_gmt":"2024-03-29T15:03:23","guid":{"rendered":"https:\/\/dev.set-sail.fr\/thank-you\/"},"modified":"2024-03-29T16:03:23","modified_gmt":"2024-03-29T15:03:23","slug":"thank-you","status":"publish","type":"page","link":"https:\/\/set-sail.fr\/de\/thank-you\/","title":{"rendered":"Thank you"},"content":{"rendered":"\t\t<div data-elementor-type=\"wp-page\" data-elementor-id=\"21456\" class=\"elementor elementor-21456 elementor-19256\">\n\t\t\t\t<div class=\"elementor-element elementor-element-33073295 e-flex e-con-boxed e-con e-parent\" data-id=\"33073295\" data-element_type=\"container\" data-e-type=\"container\" data-settings=\"{&quot;background_background&quot;:&quot;classic&quot;}\">\n\t\t\t\t\t<div class=\"e-con-inner\">\n\t\t\t\t<div class=\"elementor-element elementor-element-397505d4 elementor-widget elementor-widget-shortcode\" data-id=\"397505d4\" data-element_type=\"widget\" data-e-type=\"widget\" data-widget_type=\"shortcode.default\">\n\t\t\t\t<div class=\"elementor-widget-container\">\n\t\t\t\t\t\t\t<div class=\"elementor-shortcode\">\t\t\t<!-- Flexy Breadcrumb -->\r\n\t\t\t<div class=\"fbc fbc-page\">\r\n\r\n\t\t\t\t<!-- Breadcrumb wrapper -->\r\n\t\t\t\t<div class=\"fbc-wrap\">\r\n\r\n\t\t\t\t\t<!-- Ordered list-->\r\n\t\t\t\t\t<ol class=\"fbc-items\" itemscope itemtype=\"https:\/\/schema.org\/BreadcrumbList\">\r\n\t\t\t\t\t\t            <li itemprop=\"itemListElement\" itemscope itemtype=\"https:\/\/schema.org\/ListItem\">\r\n                <span itemprop=\"name\">\r\n                    <!-- Home Link -->\r\n                    <a itemprop=\"item\" href=\"https:\/\/set-sail.fr\">\r\n                    \r\n                                                    <i class=\"fa fa-home\" aria-hidden=\"true\"><\/i>Accueil                    <\/a>\r\n                <\/span>\r\n                <meta itemprop=\"position\" content=\"1\" \/><!-- Meta Position-->\r\n             <\/li><li><span class=\"fbc-separator\">\/<\/span><\/li><li class=\"active\" itemprop=\"itemListElement\" itemscope itemtype=\"https:\/\/schema.org\/ListItem\"><span itemprop=\"name\" title=\"Thank you\">Thank you<\/span><meta itemprop=\"position\" content=\"2\" \/><\/li>\t\t\t\t\t<\/ol>\r\n\t\t\t\t\t<div class=\"clearfix\"><\/div>\r\n\t\t\t\t<\/div>\r\n\t\t\t<\/div>\r\n\t\t\t<\/div>\n\t\t\t\t\t\t<\/div>\n\t\t\t\t<\/div>\n\t\t\t\t<div class=\"elementor-element elementor-element-5189060d elementor-widget elementor-widget-uipro-heading\" data-id=\"5189060d\" data-element_type=\"widget\" data-e-type=\"widget\" data-widget_type=\"uipro-heading.default\">\n\t\t\t\t<div class=\"elementor-widget-container\">\n\t\t\t\t\t<div class=\"templaza-parallax templaza-widget-heading template-base\">    <div data-scroll  class=\"sc_heading uk-flex uk-flex-column uk-position-relative center \"><h1 class=\"title uk-h1 uk-margin-remove\"><span class=\"heading-highlighted-wrapper\"><span class=\"heading-plain-text\">Merci pour votre commande<\/span><\/span><\/h1><\/div><\/div>\t\t\t\t<\/div>\n\t\t\t\t<\/div>\n\t\t\t\t\t<\/div>\n\t\t\t\t<\/div>\n\t\t<div class=\"elementor-element elementor-element-2ad2d94 e-flex e-con-boxed e-con e-parent\" data-id=\"2ad2d94\" data-element_type=\"container\" data-e-type=\"container\">\n\t\t\t\t\t<div class=\"e-con-inner\">\n\t\t\t\t<div class=\"elementor-element elementor-element-1995988 ThankYou-Page-img elementor-widget elementor-widget-image\" data-id=\"1995988\" data-element_type=\"widget\" data-e-type=\"widget\" data-widget_type=\"image.default\">\n\t\t\t\t<div class=\"elementor-widget-container\">\n\t\t\t\t\t\t\t\t\t\t\t\t\t\t\t<img decoding=\"async\" src=\"https:\/\/set-sail.fr\/wp-content\/uploads\/2024\/04\/illu-boat.svg\" title=\"\" alt=\"MERCI POUR VOTRE COMMANDE\" loading=\"lazy\" \/>\t\t\t\t\t\t\t\t\t\t\t\t\t\t\t<\/div>\n\t\t\t\t<\/div>\n\t\t\t\t\t<\/div>\n\t\t\t\t<\/div>\n\t\t<div class=\"elementor-element elementor-element-9e077c4 e-flex e-con-boxed e-con e-parent\" data-id=\"9e077c4\" data-element_type=\"container\" data-e-type=\"container\">\n\t\t\t\t\t<div class=\"e-con-inner\">\n\t\t\t\t<div class=\"elementor-element elementor-element-5496912 elementor-widget__width-initial elementor-widget elementor-widget-uipro-uitext\" data-id=\"5496912\" data-element_type=\"widget\" data-e-type=\"widget\" data-widget_type=\"uipro-uitext.default\">\n\t\t\t\t<div class=\"elementor-widget-container\">\n\t\t\t\t\t<div class=\"templaza-parallax templaza-widget-uitext template-base\"><div class=\"ui-text uk-text-center uk-flex-center\"><h3 class=\"ui-text-title\">Merci infiniment pour votre confiance en notre service de location de bateaux.<\/h3><div class=\"ui-text-desc\"><p>Votre commande a \u00e9t\u00e9 re\u00e7ue avec succ\u00e8s ! Nous sommes ravis de vous accompagner dans votre prochaine aventure nautique.<\/p><p>Nous restons \u00e0 votre disposition pour toute question ou assistance suppl\u00e9mentaire. Profitez pleinement de votre exp\u00e9rience en mer et n'h\u00e9sitez pas \u00e0 partager vos souvenirs avec nous.<\/p><p>\u00c0 tr\u00e8s bient\u00f4t sur l'eau !<\/p><\/div><\/div><\/div>\t\t\t\t<\/div>\n\t\t\t\t<\/div>\n\t\t\t\t\t<\/div>\n\t\t\t\t<\/div>\n\t\t\t\t<\/div>\n\t\t","protected":false},"excerpt":{"rendered":"<p>Merci pour votre commande Merci infiniment pour votre confiance en notre service de location de bateaux. Votre commande a \u00e9t\u00e9 re\u00e7ue avec succ\u00e8s ! Nous sommes ravis de vous accompagner dans votre prochaine aventure nautique. Nous restons \u00e0 votre disposition pour toute question ou assistance suppl\u00e9mentaire. Profitez pleinement de votre exp\u00e9rience en mer et n&#8217;h\u00e9sitez&hellip; <a class=\"more-link\" href=\"https:\/\/set-sail.fr\/de\/thank-you\/\">Continue reading <span class=\"screen-reader-text\">Thank you<\/span><\/a><\/p>\n","protected":false},"author":1,"featured_media":0,"parent":0,"menu_order":0,"comment_status":"closed","ping_status":"closed","template":"","meta":{"_acf_changed":false,"inline_featured_image":false,"footnotes":""},"class_list":["post-21456","page","type-page","status-publish","hentry"],"acf":[],"yoast_head":"<!-- This site is optimized with the Yoast SEO plugin v27.3 - https:\/\/yoast.com\/product\/yoast-seo-wordpress\/ -->\n<title>Thank you - Set Sail<\/title>\n<meta name=\"robots\" content=\"index, follow, max-snippet:-1, max-image-preview:large, max-video-preview:-1\" \/>\n<link rel=\"canonical\" href=\"https:\/\/set-sail.fr\/de\/thank-you\/\" \/>\n<meta property=\"og:locale\" content=\"de_DE\" \/>\n<meta property=\"og:type\" content=\"article\" \/>\n<meta property=\"og:title\" content=\"Thank you - Set Sail\" \/>\n<meta property=\"og:description\" content=\"Merci pour votre commande Merci infiniment pour votre confiance en notre service de location de bateaux. Votre commande a \u00e9t\u00e9 re\u00e7ue avec succ\u00e8s ! Nous sommes ravis de vous accompagner dans votre prochaine aventure nautique. Nous restons \u00e0 votre disposition pour toute question ou assistance suppl\u00e9mentaire. Profitez pleinement de votre exp\u00e9rience en mer et n&#8217;h\u00e9sitez&hellip; Continue reading Thank you\" \/>\n<meta property=\"og:url\" content=\"https:\/\/set-sail.fr\/de\/thank-you\/\" \/>\n<meta property=\"og:site_name\" content=\"Set Sail\" \/>\n<meta property=\"article:publisher\" content=\"https:\/\/www.facebook.com\/set.sail.france\/\" \/>\n<meta property=\"og:image\" content=\"https:\/\/set-sail.fr\/wp-content\/uploads\/2024\/04\/illu-boat.svg\" \/>\n<meta name=\"twitter:card\" content=\"summary_large_image\" \/>\n<meta name=\"twitter:site\" content=\"@set_sail_france\" \/>\n<script type=\"application\/ld+json\" class=\"yoast-schema-graph\">{\"@context\":\"https:\\\/\\\/schema.org\",\"@graph\":[{\"@type\":\"WebPage\",\"@id\":\"https:\\\/\\\/set-sail.fr\\\/de\\\/thank-you\\\/\",\"url\":\"https:\\\/\\\/set-sail.fr\\\/de\\\/thank-you\\\/\",\"name\":\"Thank you - Set Sail\",\"isPartOf\":{\"@id\":\"https:\\\/\\\/set-sail.fr\\\/de\\\/#website\"},\"primaryImageOfPage\":{\"@id\":\"https:\\\/\\\/set-sail.fr\\\/de\\\/thank-you\\\/#primaryimage\"},\"image\":{\"@id\":\"https:\\\/\\\/set-sail.fr\\\/de\\\/thank-you\\\/#primaryimage\"},\"thumbnailUrl\":\"https:\\\/\\\/set-sail.fr\\\/wp-content\\\/uploads\\\/2024\\\/04\\\/illu-boat.svg\",\"datePublished\":\"2024-03-29T15:03:23+00:00\",\"breadcrumb\":{\"@id\":\"https:\\\/\\\/set-sail.fr\\\/de\\\/thank-you\\\/#breadcrumb\"},\"inLanguage\":\"de-DE\",\"potentialAction\":[{\"@type\":\"ReadAction\",\"target\":[\"https:\\\/\\\/set-sail.fr\\\/de\\\/thank-you\\\/\"]}]},{\"@type\":\"ImageObject\",\"inLanguage\":\"de-DE\",\"@id\":\"https:\\\/\\\/set-sail.fr\\\/de\\\/thank-you\\\/#primaryimage\",\"url\":\"https:\\\/\\\/set-sail.fr\\\/wp-content\\\/uploads\\\/2024\\\/04\\\/illu-boat.svg\",\"contentUrl\":\"https:\\\/\\\/set-sail.fr\\\/wp-content\\\/uploads\\\/2024\\\/04\\\/illu-boat.svg\"},{\"@type\":\"BreadcrumbList\",\"@id\":\"https:\\\/\\\/set-sail.fr\\\/de\\\/thank-you\\\/#breadcrumb\",\"itemListElement\":[{\"@type\":\"ListItem\",\"position\":1,\"name\":\"Accueil\",\"item\":\"https:\\\/\\\/set-sail.fr\\\/de\\\/\"},{\"@type\":\"ListItem\",\"position\":2,\"name\":\"Thank you\"}]},{\"@type\":\"WebSite\",\"@id\":\"https:\\\/\\\/set-sail.fr\\\/de\\\/#website\",\"url\":\"https:\\\/\\\/set-sail.fr\\\/de\\\/\",\"name\":\"Set Sail\",\"description\":\"Mettons les voiles ensemble - Gestion\\\/Location Bateau sur le bassin M\u00e9diterran\u00e9en - Toulon - La Seyne-sur-Mer - Saint Mandrier - Porquerolles\",\"publisher\":{\"@id\":\"https:\\\/\\\/set-sail.fr\\\/de\\\/#organization\"},\"potentialAction\":[{\"@type\":\"SearchAction\",\"target\":{\"@type\":\"EntryPoint\",\"urlTemplate\":\"https:\\\/\\\/set-sail.fr\\\/de\\\/?s={search_term_string}\"},\"query-input\":{\"@type\":\"PropertyValueSpecification\",\"valueRequired\":true,\"valueName\":\"search_term_string\"}}],\"inLanguage\":\"de-DE\"},{\"@type\":\"Organization\",\"@id\":\"https:\\\/\\\/set-sail.fr\\\/de\\\/#organization\",\"name\":\"Set Sail\",\"url\":\"https:\\\/\\\/set-sail.fr\\\/de\\\/\",\"logo\":{\"@type\":\"ImageObject\",\"inLanguage\":\"de-DE\",\"@id\":\"https:\\\/\\\/set-sail.fr\\\/de\\\/#\\\/schema\\\/logo\\\/image\\\/\",\"url\":\"https:\\\/\\\/set-sail.fr\\\/wp-content\\\/uploads\\\/2023\\\/02\\\/logo-bleu.png\",\"contentUrl\":\"https:\\\/\\\/set-sail.fr\\\/wp-content\\\/uploads\\\/2023\\\/02\\\/logo-bleu.png\",\"width\":657,\"height\":270,\"caption\":\"Set Sail\"},\"image\":{\"@id\":\"https:\\\/\\\/set-sail.fr\\\/de\\\/#\\\/schema\\\/logo\\\/image\\\/\"},\"sameAs\":[\"https:\\\/\\\/www.facebook.com\\\/set.sail.france\\\/\",\"https:\\\/\\\/x.com\\\/set_sail_france\",\"https:\\\/\\\/www.instagram.com\\\/set_sail_france\\\/\"]}]}<\/script>\n<!-- \/ Yoast SEO plugin. -->","yoast_head_json":{"title":"Thank you - Set Sail","robots":{"index":"index","follow":"follow","max-snippet":"max-snippet:-1","max-image-preview":"max-image-preview:large","max-video-preview":"max-video-preview:-1"},"canonical":"https:\/\/set-sail.fr\/de\/thank-you\/","og_locale":"de_DE","og_type":"article","og_title":"Thank you - Set Sail","og_description":"Merci pour votre commande Merci infiniment pour votre confiance en notre service de location de bateaux. Votre commande a \u00e9t\u00e9 re\u00e7ue avec succ\u00e8s ! Nous sommes ravis de vous accompagner dans votre prochaine aventure nautique. Nous restons \u00e0 votre disposition pour toute question ou assistance suppl\u00e9mentaire. Profitez pleinement de votre exp\u00e9rience en mer et n&#8217;h\u00e9sitez&hellip; Continue reading Thank you","og_url":"https:\/\/set-sail.fr\/de\/thank-you\/","og_site_name":"Set Sail","article_publisher":"https:\/\/www.facebook.com\/set.sail.france\/","og_image":[{"url":"https:\/\/set-sail.fr\/wp-content\/uploads\/2024\/04\/illu-boat.svg","type":"","width":"","height":""}],"twitter_card":"summary_large_image","twitter_site":"@set_sail_france","schema":{"@context":"https:\/\/schema.org","@graph":[{"@type":"WebPage","@id":"https:\/\/set-sail.fr\/de\/thank-you\/","url":"https:\/\/set-sail.fr\/de\/thank-you\/","name":"Thank you - Set Sail","isPartOf":{"@id":"https:\/\/set-sail.fr\/de\/#website"},"primaryImageOfPage":{"@id":"https:\/\/set-sail.fr\/de\/thank-you\/#primaryimage"},"image":{"@id":"https:\/\/set-sail.fr\/de\/thank-you\/#primaryimage"},"thumbnailUrl":"https:\/\/set-sail.fr\/wp-content\/uploads\/2024\/04\/illu-boat.svg","datePublished":"2024-03-29T15:03:23+00:00","breadcrumb":{"@id":"https:\/\/set-sail.fr\/de\/thank-you\/#breadcrumb"},"inLanguage":"de-DE","potentialAction":[{"@type":"ReadAction","target":["https:\/\/set-sail.fr\/de\/thank-you\/"]}]},{"@type":"ImageObject","inLanguage":"de-DE","@id":"https:\/\/set-sail.fr\/de\/thank-you\/#primaryimage","url":"https:\/\/set-sail.fr\/wp-content\/uploads\/2024\/04\/illu-boat.svg","contentUrl":"https:\/\/set-sail.fr\/wp-content\/uploads\/2024\/04\/illu-boat.svg"},{"@type":"BreadcrumbList","@id":"https:\/\/set-sail.fr\/de\/thank-you\/#breadcrumb","itemListElement":[{"@type":"ListItem","position":1,"name":"Accueil","item":"https:\/\/set-sail.fr\/de\/"},{"@type":"ListItem","position":2,"name":"Thank you"}]},{"@type":"WebSite","@id":"https:\/\/set-sail.fr\/de\/#website","url":"https:\/\/set-sail.fr\/de\/","name":"Set Sail","description":"Mettons les voiles ensemble - Gestion\/Location Bateau sur le bassin M\u00e9diterran\u00e9en - Toulon - La Seyne-sur-Mer - Saint Mandrier - Porquerolles","publisher":{"@id":"https:\/\/set-sail.fr\/de\/#organization"},"potentialAction":[{"@type":"SearchAction","target":{"@type":"EntryPoint","urlTemplate":"https:\/\/set-sail.fr\/de\/?s={search_term_string}"},"query-input":{"@type":"PropertyValueSpecification","valueRequired":true,"valueName":"search_term_string"}}],"inLanguage":"de-DE"},{"@type":"Organization","@id":"https:\/\/set-sail.fr\/de\/#organization","name":"Set Sail","url":"https:\/\/set-sail.fr\/de\/","logo":{"@type":"ImageObject","inLanguage":"de-DE","@id":"https:\/\/set-sail.fr\/de\/#\/schema\/logo\/image\/","url":"https:\/\/set-sail.fr\/wp-content\/uploads\/2023\/02\/logo-bleu.png","contentUrl":"https:\/\/set-sail.fr\/wp-content\/uploads\/2023\/02\/logo-bleu.png","width":657,"height":270,"caption":"Set Sail"},"image":{"@id":"https:\/\/set-sail.fr\/de\/#\/schema\/logo\/image\/"},"sameAs":["https:\/\/www.facebook.com\/set.sail.france\/","https:\/\/x.com\/set_sail_france","https:\/\/www.instagram.com\/set_sail_france\/"]}]}},"_links":{"self":[{"href":"https:\/\/set-sail.fr\/de\/wp-json\/wp\/v2\/pages\/21456","targetHints":{"allow":["GET"]}}],"collection":[{"href":"https:\/\/set-sail.fr\/de\/wp-json\/wp\/v2\/pages"}],"about":[{"href":"https:\/\/set-sail.fr\/de\/wp-json\/wp\/v2\/types\/page"}],"author":[{"embeddable":true,"href":"https:\/\/set-sail.fr\/de\/wp-json\/wp\/v2\/users\/1"}],"replies":[{"embeddable":true,"href":"https:\/\/set-sail.fr\/de\/wp-json\/wp\/v2\/comments?post=21456"}],"version-history":[{"count":0,"href":"https:\/\/set-sail.fr\/de\/wp-json\/wp\/v2\/pages\/21456\/revisions"}],"wp:attachment":[{"href":"https:\/\/set-sail.fr\/de\/wp-json\/wp\/v2\/media?parent=21456"}],"curies":[{"name":"wp","href":"https:\/\/api.w.org\/{rel}","templated":true}]}}