{"id":21453,"date":"2024-04-18T20:05:12","date_gmt":"2024-04-18T18:05:12","guid":{"rendered":"https:\/\/dev.set-sail.fr\/politique-de-confidentialite-2\/"},"modified":"2025-01-27T18:15:31","modified_gmt":"2025-01-27T17:15:31","slug":"datenschutzrichtlinie","status":"publish","type":"page","link":"https:\/\/set-sail.fr\/de\/datenschutzrichtlinie\/","title":{"rendered":"Datenschutzrichtlinie"},"content":{"rendered":"\t\t<div data-elementor-type=\"wp-page\" data-elementor-id=\"21453\" class=\"elementor elementor-21453 elementor-19718\">\n\t\t\t\t<div class=\"elementor-element elementor-element-2450d5c2 e-flex e-con-boxed e-con e-parent\" data-id=\"2450d5c2\" data-element_type=\"container\" data-e-type=\"container\" data-settings=\"{&quot;background_background&quot;:&quot;classic&quot;}\">\n\t\t\t\t\t<div class=\"e-con-inner\">\n\t\t\t\t<div class=\"elementor-element elementor-element-27933084 elementor-widget elementor-widget-shortcode\" data-id=\"27933084\" data-element_type=\"widget\" data-e-type=\"widget\" data-widget_type=\"shortcode.default\">\n\t\t\t\t<div class=\"elementor-widget-container\">\n\t\t\t\t\t\t\t<div class=\"elementor-shortcode\">\t\t\t<!-- Flexy Breadcrumb -->\r\n\t\t\t<div class=\"fbc fbc-page\">\r\n\r\n\t\t\t\t<!-- Breadcrumb wrapper -->\r\n\t\t\t\t<div class=\"fbc-wrap\">\r\n\r\n\t\t\t\t\t<!-- Ordered list-->\r\n\t\t\t\t\t<ol class=\"fbc-items\" itemscope itemtype=\"https:\/\/schema.org\/BreadcrumbList\">\r\n\t\t\t\t\t\t            <li itemprop=\"itemListElement\" itemscope itemtype=\"https:\/\/schema.org\/ListItem\">\r\n                <span itemprop=\"name\">\r\n                    <!-- Home Link -->\r\n                    <a itemprop=\"item\" href=\"https:\/\/set-sail.fr\">\r\n                    \r\n                                                    <i class=\"fa fa-home\" aria-hidden=\"true\"><\/i>Accueil                    <\/a>\r\n                <\/span>\r\n                <meta itemprop=\"position\" content=\"1\" \/><!-- Meta Position-->\r\n             <\/li><li><span class=\"fbc-separator\">\/<\/span><\/li><li class=\"active\" itemprop=\"itemListElement\" itemscope itemtype=\"https:\/\/schema.org\/ListItem\"><span itemprop=\"name\" title=\"Datenschutzrichtlinie\">Datenschutzrichtlinie<\/span><meta itemprop=\"position\" content=\"2\" \/><\/li>\t\t\t\t\t<\/ol>\r\n\t\t\t\t\t<div class=\"clearfix\"><\/div>\r\n\t\t\t\t<\/div>\r\n\t\t\t<\/div>\r\n\t\t\t<\/div>\n\t\t\t\t\t\t<\/div>\n\t\t\t\t<\/div>\n\t\t\t\t<div class=\"elementor-element elementor-element-41db2202 elementor-widget elementor-widget-uipro-heading\" data-id=\"41db2202\" data-element_type=\"widget\" data-e-type=\"widget\" data-widget_type=\"uipro-heading.default\">\n\t\t\t\t<div class=\"elementor-widget-container\">\n\t\t\t\t\t<div class=\"templaza-parallax templaza-widget-heading template-base\">    <div data-scroll  class=\"sc_heading uk-flex uk-flex-column uk-position-relative center \"><h1 class=\"title uk-h1 uk-margin-remove\"><span class=\"heading-highlighted-wrapper\"><span class=\"heading-plain-text\">Datenschutzrichtlinie<\/span><\/span><\/h1><\/div><\/div>\t\t\t\t<\/div>\n\t\t\t\t<\/div>\n\t\t\t\t\t<\/div>\n\t\t\t\t<\/div>\n\t\t<div class=\"elementor-element elementor-element-b83c9a2 e-flex e-con-boxed e-con e-parent\" data-id=\"b83c9a2\" data-element_type=\"container\" data-e-type=\"container\">\n\t\t\t\t\t<div class=\"e-con-inner\">\n\t\t\t\t<div class=\"elementor-element elementor-element-371b85b elementor-widget elementor-widget-uipro-uitext\" data-id=\"371b85b\" data-element_type=\"widget\" data-e-type=\"widget\" data-widget_type=\"uipro-uitext.default\">\n\t\t\t\t<div class=\"elementor-widget-container\">\n\t\t\t\t\t<div class=\"templaza-parallax templaza-widget-uitext template-base\"><div class=\"ui-text\"><h3 class=\"ui-text-title\">Wer sind wir?<\/h3><div class=\"ui-text-desc\">Die Adresse unserer Website lautet: <a href=\"https:\/\/set-sail.fr\">https:\/\/set-sail.fr<\/a><\/div><\/div><\/div>\t\t\t\t<\/div>\n\t\t\t\t<\/div>\n\t\t\t\t<div class=\"elementor-element elementor-element-2f11313 elementor-widget elementor-widget-uipro-uitext\" data-id=\"2f11313\" data-element_type=\"widget\" data-e-type=\"widget\" data-widget_type=\"uipro-uitext.default\">\n\t\t\t\t<div class=\"elementor-widget-container\">\n\t\t\t\t\t<div class=\"templaza-parallax templaza-widget-uitext template-base\"><div class=\"ui-text\"><h3 class=\"ui-text-title\">Utilisation des donn\u00e9es personnelles collect\u00e9es<\/h3><p class=\"ui-text-subtitle uk-text-lead\">Kommentare<\/p><div class=\"ui-text-desc\"><p>Wenn Sie einen Kommentar auf unserer Website hinterlassen, werden die im Kommentarformular angegebenen Daten sowie Ihre IP-Adresse und der User-Agent Ihres Browsers erfasst, um uns bei der Erkennung unerw\u00fcnschter Kommentare zu unterst\u00fctzen.<\/p><p>Eine anonymisierte Zeichenkette, die aus Ihrer E-Mail-Adresse erstellt wurde (auch als Hash bezeichnet), kann an den Gravatar-Dienst gesendet werden, um zu \u00fcberpr\u00fcfen, ob Sie diesen verwenden. Die Datenschutzrichtlinien von Gravatar sind hier verf\u00fcgbar: https:\/\/automattic.com\/privacy\/. Nach der Freigabe Ihres Kommentars wird Ihr Profilbild zusammen mit Ihrem Kommentar \u00f6ffentlich sichtbar sein<\/p><\/div><\/div><\/div>\t\t\t\t<\/div>\n\t\t\t\t<\/div>\n\t\t\t\t<div class=\"elementor-element elementor-element-c0b1427 elementor-widget elementor-widget-uipro-uitext\" data-id=\"c0b1427\" data-element_type=\"widget\" data-e-type=\"widget\" data-widget_type=\"uipro-uitext.default\">\n\t\t\t\t<div class=\"elementor-widget-container\">\n\t\t\t\t\t<div class=\"templaza-parallax templaza-widget-uitext template-base\"><div class=\"ui-text\"><p class=\"ui-text-subtitle uk-text-lead\">Medien<\/p><div class=\"ui-text-desc\">Wenn Sie ein registrierter Benutzer oder eine registrierte Benutzerin sind und Bilder auf die Website hochladen, empfehlen wir Ihnen, keine Bilder hochzuladen, die EXIF-Daten mit GPS-Koordinaten enthalten. Besucher der Website k\u00f6nnen diese Bilder herunterladen und Standortdaten daraus extrahieren.<\/div><\/div><\/div>\t\t\t\t<\/div>\n\t\t\t\t<\/div>\n\t\t\t\t<div class=\"elementor-element elementor-element-0797108 elementor-widget elementor-widget-uipro-uitext\" data-id=\"0797108\" data-element_type=\"widget\" data-e-type=\"widget\" data-widget_type=\"uipro-uitext.default\">\n\t\t\t\t<div class=\"elementor-widget-container\">\n\t\t\t\t\t<div class=\"templaza-parallax templaza-widget-uitext template-base\"><div class=\"ui-text\"><h3 class=\"ui-text-title\">Kontaktformulare<\/h3><p class=\"ui-text-subtitle uk-text-lead\">Cookies<\/p><div class=\"ui-text-desc\"><p>Wenn Sie einen Kommentar auf unserer Website hinterlassen, wird Ihnen angeboten, Ihren Namen, Ihre E-Mail-Adresse und Ihre Website in Cookies zu speichern. Dies dient Ihrem Komfort, damit Sie diese Informationen nicht erneut eingeben m\u00fcssen, wenn Sie sp\u00e4ter einen weiteren Kommentar hinterlassen. Diese Cookies laufen nach einem Jahr ab.<\/p><p>Wenn Sie ein Konto haben und sich auf dieser Website anmelden, wird ein tempor\u00e4rer Cookie erstellt, um festzustellen, ob Ihr Browser Cookies akzeptiert. Dieser Cookie enth\u00e4lt keine personenbezogenen Daten und wird beim Schlie\u00dfen Ihres Browsers automatisch gel\u00f6scht.<\/p><p>Wenn Sie sich anmelden, setzen wir einige Cookies, um Ihre Anmeldedaten und Anzeigeeinstellungen zu speichern. Anmelde-Cookies sind zwei Tage lang g\u00fcltig, Anzeigeeinstellungen-Cookies ein Jahr. Wenn Sie \u201eAngemeldet bleiben\u201c ausw\u00e4hlen, bleibt Ihr Anmelde-Cookie zwei Wochen lang g\u00fcltig. Wenn Sie sich von Ihrem Konto abmelden, wird der Anmelde-Cookie gel\u00f6scht.<\/p><p>Wenn Sie einen Beitrag bearbeiten oder ver\u00f6ffentlichen, wird ein zus\u00e4tzlicher Cookie in Ihrem Browser gespeichert. Dieser Cookie enth\u00e4lt keine personenbezogenen Daten, sondern zeigt lediglich die ID des Beitrags an, den Sie gerade bearbeitet haben. Er l\u00e4uft nach einem Tag ab.<\/p><\/div><\/div><\/div>\t\t\t\t<\/div>\n\t\t\t\t<\/div>\n\t\t\t\t<div class=\"elementor-element elementor-element-e0b3d4d elementor-widget elementor-widget-uipro-uitext\" data-id=\"e0b3d4d\" data-element_type=\"widget\" data-e-type=\"widget\" data-widget_type=\"uipro-uitext.default\">\n\t\t\t\t<div class=\"elementor-widget-container\">\n\t\t\t\t\t<div class=\"templaza-parallax templaza-widget-uitext template-base\"><div class=\"ui-text\"><h3 class=\"ui-text-title\">Eingebettete Inhalte von anderen Websites<\/h3><div class=\"ui-text-desc\"><p>Beitr\u00e4ge auf dieser Website k\u00f6nnen eingebettete Inhalte enthalten (z. B. Videos, Bilder, Artikel usw.). Eingebettete Inhalte von anderen Websites verhalten sich so, als h\u00e4tte der Besucher die andere Website besucht.<\/p><p>Diese Websites k\u00f6nnen Daten \u00fcber Sie sammeln, Cookies verwenden, zus\u00e4tzliche Tracking-Dienste von Dritten einbetten und Ihre Interaktionen mit diesen eingebetteten Inhalten \u00fcberwachen, einschlie\u00dflich der Verfolgung Ihrer Interaktionen, wenn Sie ein Konto haben und auf der entsprechenden Website angemeldet sind.<\/p><p>Wenn Sie einen Kommentar hinterlassen, wird der Kommentar und seine Metadaten auf unbestimmte Zeit gespeichert. Dadurch k\u00f6nnen wir Folgekommentare automatisch erkennen und genehmigen, anstatt sie in der Moderationswarteschlange zu halten.<\/p><p>F\u00fcr Benutzer und Benutzerinnen, die sich auf unserer Website registrieren (falls m\u00f6glich), speichern wir auch die personenbezogenen Daten, die in ihrem Profil angegeben werden. Alle Benutzer und Benutzerinnen k\u00f6nnen ihre pers\u00f6nlichen Daten jederzeit einsehen, bearbeiten oder l\u00f6schen (mit Ausnahme ihres Benutzernamens). Website-Administratoren k\u00f6nnen diese Informationen ebenfalls einsehen und bearbeiten.<\/p><\/div><\/div><\/div>\t\t\t\t<\/div>\n\t\t\t\t<\/div>\n\t\t\t\t<div class=\"elementor-element elementor-element-40d9c39 elementor-widget elementor-widget-uipro-uitext\" data-id=\"40d9c39\" data-element_type=\"widget\" data-e-type=\"widget\" data-widget_type=\"uipro-uitext.default\">\n\t\t\t\t<div class=\"elementor-widget-container\">\n\t\t\t\t\t<div class=\"templaza-parallax templaza-widget-uitext template-base\"><div class=\"ui-text\"><p class=\"ui-text-subtitle uk-text-lead\">Welche Rechte Sie an Ihren Daten haben<\/p><div class=\"ui-text-desc\"><p>Wenn Sie ein Konto haben oder Kommentare auf der Website hinterlassen haben, k\u00f6nnen Sie eine Datei mit den personenbezogenen Daten anfordern, die wir \u00fcber Sie gespeichert haben, einschlie\u00dflich der Daten, die Sie uns zur Verf\u00fcgung gestellt haben. Sie k\u00f6nnen auch die L\u00f6schung aller personenbezogenen Daten beantragen, die wir \u00fcber Sie gespeichert haben. Dies schlie\u00dft keine Daten ein, die wir aus administrativen, rechtlichen oder sicherheitsrelevanten Gr\u00fcnden aufbewahren m\u00fcssen.<\/p><\/div><\/div><\/div>\t\t\t\t<\/div>\n\t\t\t\t<\/div>\n\t\t\t\t<div class=\"elementor-element elementor-element-3fdad8b elementor-widget elementor-widget-uipro-uitext\" data-id=\"3fdad8b\" data-element_type=\"widget\" data-e-type=\"widget\" data-widget_type=\"uipro-uitext.default\">\n\t\t\t\t<div class=\"elementor-widget-container\">\n\t\t\t\t\t<div class=\"templaza-parallax templaza-widget-uitext template-base\"><div class=\"ui-text\"><p class=\"ui-text-subtitle uk-text-lead\">\u00dcbermittlung Ihrer pers\u00f6nlichen Daten<\/p><div class=\"ui-text-desc\"><div id=\"main-content\"><article id=\"post-4029\" class=\"post-4029 page type-page status-publish hentry\"><div class=\"entry-content\"><div class=\"et-l et-l--post\"><div class=\"et_builder_inner_content et_pb_gutters2\"><div class=\"et_pb_section et_pb_section_1 et_section_regular\"><div class=\"et_pb_row et_pb_row_1\"><div class=\"et_pb_column et_pb_column_4_4 et_pb_column_1 et_pb_css_mix_blend_mode_passthrough et-last-child\"><div class=\"et_pb_module et_pb_text et_pb_text_1 et_pb_text_align_left et_pb_bg_layout_light\"><div class=\"et_pb_text_inner\"><p>Die Kommentare von Besuchern k\u00f6nnen mithilfe eines automatisierten Dienstes zur Erkennung von Spam-Kommentaren \u00fcberpr\u00fcft werden.<\/p><\/div><\/div><\/div><\/div><\/div><\/div><\/div><\/div><\/article><\/div><\/div><\/div><\/div>\t\t\t\t<\/div>\n\t\t\t\t<\/div>\n\t\t\t\t\t<\/div>\n\t\t\t\t<\/div>\n\t\t\t\t<\/div>\n\t\t","protected":false},"excerpt":{"rendered":"<p>Datenschutzrichtlinie Wer sind wir? Die Adresse unserer Website lautet: https:\/\/set-sail.fr Utilisation des donn\u00e9es personnelles collect\u00e9es Kommentare Wenn Sie einen Kommentar auf unserer Website hinterlassen, werden die im Kommentarformular angegebenen Daten sowie Ihre IP-Adresse und der User-Agent Ihres Browsers erfasst, um uns bei der Erkennung unerw\u00fcnschter Kommentare zu unterst\u00fctzen. Eine anonymisierte Zeichenkette, die aus Ihrer E-Mail-Adresse&hellip; <a class=\"more-link\" href=\"https:\/\/set-sail.fr\/de\/datenschutzrichtlinie\/\">Continue reading <span class=\"screen-reader-text\">Datenschutzrichtlinie<\/span><\/a><\/p>\n","protected":false},"author":1,"featured_media":0,"parent":0,"menu_order":0,"comment_status":"closed","ping_status":"closed","template":"","meta":{"_acf_changed":false,"inline_featured_image":false,"footnotes":""},"class_list":["post-21453","page","type-page","status-publish","hentry"],"acf":[],"yoast_head":"<!-- This site is optimized with the Yoast SEO plugin v27.3 - https:\/\/yoast.com\/product\/yoast-seo-wordpress\/ -->\n<title>Datenschutzrichtlinie - Set Sail<\/title>\n<meta name=\"robots\" content=\"index, follow, max-snippet:-1, max-image-preview:large, max-video-preview:-1\" \/>\n<link rel=\"canonical\" href=\"https:\/\/set-sail.fr\/de\/datenschutzrichtlinie\/\" \/>\n<meta property=\"og:locale\" content=\"de_DE\" \/>\n<meta property=\"og:type\" content=\"article\" \/>\n<meta property=\"og:title\" content=\"Datenschutzrichtlinie - Set Sail\" \/>\n<meta property=\"og:description\" content=\"Datenschutzrichtlinie Wer sind wir? Die Adresse unserer Website lautet: https:\/\/set-sail.fr Utilisation des donn\u00e9es personnelles collect\u00e9es Kommentare Wenn Sie einen Kommentar auf unserer Website hinterlassen, werden die im Kommentarformular angegebenen Daten sowie Ihre IP-Adresse und der User-Agent Ihres Browsers erfasst, um uns bei der Erkennung unerw\u00fcnschter Kommentare zu unterst\u00fctzen. Eine anonymisierte Zeichenkette, die aus Ihrer E-Mail-Adresse&hellip; Continue reading Datenschutzrichtlinie\" \/>\n<meta property=\"og:url\" content=\"https:\/\/set-sail.fr\/de\/datenschutzrichtlinie\/\" \/>\n<meta property=\"og:site_name\" content=\"Set Sail\" \/>\n<meta property=\"article:publisher\" content=\"https:\/\/www.facebook.com\/set.sail.france\/\" \/>\n<meta property=\"article:modified_time\" content=\"2025-01-27T17:15:31+00:00\" \/>\n<meta name=\"twitter:card\" content=\"summary_large_image\" \/>\n<meta name=\"twitter:site\" content=\"@set_sail_france\" \/>\n<meta name=\"twitter:label1\" content=\"Est. reading time\" \/>\n\t<meta name=\"twitter:data1\" content=\"4 minutes\" \/>\n<script type=\"application\/ld+json\" class=\"yoast-schema-graph\">{\"@context\":\"https:\\\/\\\/schema.org\",\"@graph\":[{\"@type\":\"WebPage\",\"@id\":\"https:\\\/\\\/set-sail.fr\\\/de\\\/datenschutzrichtlinie\\\/\",\"url\":\"https:\\\/\\\/set-sail.fr\\\/de\\\/datenschutzrichtlinie\\\/\",\"name\":\"Datenschutzrichtlinie - Set Sail\",\"isPartOf\":{\"@id\":\"https:\\\/\\\/set-sail.fr\\\/de\\\/#website\"},\"datePublished\":\"2024-04-18T18:05:12+00:00\",\"dateModified\":\"2025-01-27T17:15:31+00:00\",\"breadcrumb\":{\"@id\":\"https:\\\/\\\/set-sail.fr\\\/de\\\/datenschutzrichtlinie\\\/#breadcrumb\"},\"inLanguage\":\"de-DE\",\"potentialAction\":[{\"@type\":\"ReadAction\",\"target\":[\"https:\\\/\\\/set-sail.fr\\\/de\\\/datenschutzrichtlinie\\\/\"]}]},{\"@type\":\"BreadcrumbList\",\"@id\":\"https:\\\/\\\/set-sail.fr\\\/de\\\/datenschutzrichtlinie\\\/#breadcrumb\",\"itemListElement\":[{\"@type\":\"ListItem\",\"position\":1,\"name\":\"Accueil\",\"item\":\"https:\\\/\\\/set-sail.fr\\\/de\\\/\"},{\"@type\":\"ListItem\",\"position\":2,\"name\":\"Datenschutzrichtlinie\"}]},{\"@type\":\"WebSite\",\"@id\":\"https:\\\/\\\/set-sail.fr\\\/de\\\/#website\",\"url\":\"https:\\\/\\\/set-sail.fr\\\/de\\\/\",\"name\":\"Set Sail\",\"description\":\"Mettons les voiles ensemble - Gestion\\\/Location Bateau sur le bassin M\u00e9diterran\u00e9en - Toulon - La Seyne-sur-Mer - Saint Mandrier - Porquerolles\",\"publisher\":{\"@id\":\"https:\\\/\\\/set-sail.fr\\\/de\\\/#organization\"},\"potentialAction\":[{\"@type\":\"SearchAction\",\"target\":{\"@type\":\"EntryPoint\",\"urlTemplate\":\"https:\\\/\\\/set-sail.fr\\\/de\\\/?s={search_term_string}\"},\"query-input\":{\"@type\":\"PropertyValueSpecification\",\"valueRequired\":true,\"valueName\":\"search_term_string\"}}],\"inLanguage\":\"de-DE\"},{\"@type\":\"Organization\",\"@id\":\"https:\\\/\\\/set-sail.fr\\\/de\\\/#organization\",\"name\":\"Set Sail\",\"url\":\"https:\\\/\\\/set-sail.fr\\\/de\\\/\",\"logo\":{\"@type\":\"ImageObject\",\"inLanguage\":\"de-DE\",\"@id\":\"https:\\\/\\\/set-sail.fr\\\/de\\\/#\\\/schema\\\/logo\\\/image\\\/\",\"url\":\"https:\\\/\\\/set-sail.fr\\\/wp-content\\\/uploads\\\/2023\\\/02\\\/logo-bleu.png\",\"contentUrl\":\"https:\\\/\\\/set-sail.fr\\\/wp-content\\\/uploads\\\/2023\\\/02\\\/logo-bleu.png\",\"width\":657,\"height\":270,\"caption\":\"Set Sail\"},\"image\":{\"@id\":\"https:\\\/\\\/set-sail.fr\\\/de\\\/#\\\/schema\\\/logo\\\/image\\\/\"},\"sameAs\":[\"https:\\\/\\\/www.facebook.com\\\/set.sail.france\\\/\",\"https:\\\/\\\/x.com\\\/set_sail_france\",\"https:\\\/\\\/www.instagram.com\\\/set_sail_france\\\/\"]}]}<\/script>\n<!-- \/ Yoast SEO plugin. -->","yoast_head_json":{"title":"Datenschutzrichtlinie - Set Sail","robots":{"index":"index","follow":"follow","max-snippet":"max-snippet:-1","max-image-preview":"max-image-preview:large","max-video-preview":"max-video-preview:-1"},"canonical":"https:\/\/set-sail.fr\/de\/datenschutzrichtlinie\/","og_locale":"de_DE","og_type":"article","og_title":"Datenschutzrichtlinie - Set Sail","og_description":"Datenschutzrichtlinie Wer sind wir? Die Adresse unserer Website lautet: https:\/\/set-sail.fr Utilisation des donn\u00e9es personnelles collect\u00e9es Kommentare Wenn Sie einen Kommentar auf unserer Website hinterlassen, werden die im Kommentarformular angegebenen Daten sowie Ihre IP-Adresse und der User-Agent Ihres Browsers erfasst, um uns bei der Erkennung unerw\u00fcnschter Kommentare zu unterst\u00fctzen. Eine anonymisierte Zeichenkette, die aus Ihrer E-Mail-Adresse&hellip; Continue reading Datenschutzrichtlinie","og_url":"https:\/\/set-sail.fr\/de\/datenschutzrichtlinie\/","og_site_name":"Set Sail","article_publisher":"https:\/\/www.facebook.com\/set.sail.france\/","article_modified_time":"2025-01-27T17:15:31+00:00","twitter_card":"summary_large_image","twitter_site":"@set_sail_france","twitter_misc":{"Est. reading time":"4 minutes"},"schema":{"@context":"https:\/\/schema.org","@graph":[{"@type":"WebPage","@id":"https:\/\/set-sail.fr\/de\/datenschutzrichtlinie\/","url":"https:\/\/set-sail.fr\/de\/datenschutzrichtlinie\/","name":"Datenschutzrichtlinie - Set Sail","isPartOf":{"@id":"https:\/\/set-sail.fr\/de\/#website"},"datePublished":"2024-04-18T18:05:12+00:00","dateModified":"2025-01-27T17:15:31+00:00","breadcrumb":{"@id":"https:\/\/set-sail.fr\/de\/datenschutzrichtlinie\/#breadcrumb"},"inLanguage":"de-DE","potentialAction":[{"@type":"ReadAction","target":["https:\/\/set-sail.fr\/de\/datenschutzrichtlinie\/"]}]},{"@type":"BreadcrumbList","@id":"https:\/\/set-sail.fr\/de\/datenschutzrichtlinie\/#breadcrumb","itemListElement":[{"@type":"ListItem","position":1,"name":"Accueil","item":"https:\/\/set-sail.fr\/de\/"},{"@type":"ListItem","position":2,"name":"Datenschutzrichtlinie"}]},{"@type":"WebSite","@id":"https:\/\/set-sail.fr\/de\/#website","url":"https:\/\/set-sail.fr\/de\/","name":"Set Sail","description":"Mettons les voiles ensemble - Gestion\/Location Bateau sur le bassin M\u00e9diterran\u00e9en - Toulon - La Seyne-sur-Mer - Saint Mandrier - Porquerolles","publisher":{"@id":"https:\/\/set-sail.fr\/de\/#organization"},"potentialAction":[{"@type":"SearchAction","target":{"@type":"EntryPoint","urlTemplate":"https:\/\/set-sail.fr\/de\/?s={search_term_string}"},"query-input":{"@type":"PropertyValueSpecification","valueRequired":true,"valueName":"search_term_string"}}],"inLanguage":"de-DE"},{"@type":"Organization","@id":"https:\/\/set-sail.fr\/de\/#organization","name":"Set Sail","url":"https:\/\/set-sail.fr\/de\/","logo":{"@type":"ImageObject","inLanguage":"de-DE","@id":"https:\/\/set-sail.fr\/de\/#\/schema\/logo\/image\/","url":"https:\/\/set-sail.fr\/wp-content\/uploads\/2023\/02\/logo-bleu.png","contentUrl":"https:\/\/set-sail.fr\/wp-content\/uploads\/2023\/02\/logo-bleu.png","width":657,"height":270,"caption":"Set Sail"},"image":{"@id":"https:\/\/set-sail.fr\/de\/#\/schema\/logo\/image\/"},"sameAs":["https:\/\/www.facebook.com\/set.sail.france\/","https:\/\/x.com\/set_sail_france","https:\/\/www.instagram.com\/set_sail_france\/"]}]}},"_links":{"self":[{"href":"https:\/\/set-sail.fr\/de\/wp-json\/wp\/v2\/pages\/21453","targetHints":{"allow":["GET"]}}],"collection":[{"href":"https:\/\/set-sail.fr\/de\/wp-json\/wp\/v2\/pages"}],"about":[{"href":"https:\/\/set-sail.fr\/de\/wp-json\/wp\/v2\/types\/page"}],"author":[{"embeddable":true,"href":"https:\/\/set-sail.fr\/de\/wp-json\/wp\/v2\/users\/1"}],"replies":[{"embeddable":true,"href":"https:\/\/set-sail.fr\/de\/wp-json\/wp\/v2\/comments?post=21453"}],"version-history":[{"count":4,"href":"https:\/\/set-sail.fr\/de\/wp-json\/wp\/v2\/pages\/21453\/revisions"}],"predecessor-version":[{"id":22138,"href":"https:\/\/set-sail.fr\/de\/wp-json\/wp\/v2\/pages\/21453\/revisions\/22138"}],"wp:attachment":[{"href":"https:\/\/set-sail.fr\/de\/wp-json\/wp\/v2\/media?parent=21453"}],"curies":[{"name":"wp","href":"https:\/\/api.w.org\/{rel}","templated":true}]}}