{"id":21431,"date":"2024-03-26T09:52:05","date_gmt":"2024-03-26T08:52:05","guid":{"rendered":"https:\/\/dev.set-sail.fr\/espace-proprietaire-2\/investissement\/"},"modified":"2025-01-18T20:35:33","modified_gmt":"2025-01-18T19:35:33","slug":"investition","status":"publish","type":"page","link":"https:\/\/set-sail.fr\/de\/besitzer-bereich\/investition\/","title":{"rendered":"Investition"},"content":{"rendered":"\t\t<div data-elementor-type=\"wp-page\" data-elementor-id=\"21431\" class=\"elementor elementor-21431 elementor-19047\">\n\t\t\t\t<div class=\"elementor-element elementor-element-6c6e4c17 e-flex e-con-boxed e-con e-parent\" data-id=\"6c6e4c17\" data-element_type=\"container\" data-e-type=\"container\" data-settings=\"{&quot;background_background&quot;:&quot;classic&quot;}\">\n\t\t\t\t\t<div class=\"e-con-inner\">\n\t\t\t\t<div class=\"elementor-element elementor-element-1597923d elementor-widget elementor-widget-shortcode\" data-id=\"1597923d\" data-element_type=\"widget\" data-e-type=\"widget\" data-widget_type=\"shortcode.default\">\n\t\t\t\t<div class=\"elementor-widget-container\">\n\t\t\t\t\t\t\t<div class=\"elementor-shortcode\">\t\t\t<!-- Flexy Breadcrumb -->\r\n\t\t\t<div class=\"fbc fbc-page\">\r\n\r\n\t\t\t\t<!-- Breadcrumb wrapper -->\r\n\t\t\t\t<div class=\"fbc-wrap\">\r\n\r\n\t\t\t\t\t<!-- Ordered list-->\r\n\t\t\t\t\t<ol class=\"fbc-items\" itemscope itemtype=\"https:\/\/schema.org\/BreadcrumbList\">\r\n\t\t\t\t\t\t            <li itemprop=\"itemListElement\" itemscope itemtype=\"https:\/\/schema.org\/ListItem\">\r\n                <span itemprop=\"name\">\r\n                    <!-- Home Link -->\r\n                    <a itemprop=\"item\" href=\"https:\/\/set-sail.fr\">\r\n                    \r\n                                                    <i class=\"fa fa-home\" aria-hidden=\"true\"><\/i>Accueil                    <\/a>\r\n                <\/span>\r\n                <meta itemprop=\"position\" content=\"1\" \/><!-- Meta Position-->\r\n             <\/li><li><span class=\"fbc-separator\">\/<\/span><\/li><li class=\"active\" itemprop=\"itemListElement\" itemscope itemtype=\"https:\/\/schema.org\/ListItem\"><span itemprop=\"name\" title=\"Investition\">Investition<\/span><meta itemprop=\"position\" content=\"2\" \/><\/li>\t\t\t\t\t<\/ol>\r\n\t\t\t\t\t<div class=\"clearfix\"><\/div>\r\n\t\t\t\t<\/div>\r\n\t\t\t<\/div>\r\n\t\t\t<\/div>\n\t\t\t\t\t\t<\/div>\n\t\t\t\t<\/div>\n\t\t\t\t<div class=\"elementor-element elementor-element-3e544bbf elementor-widget elementor-widget-uipro-heading\" data-id=\"3e544bbf\" data-element_type=\"widget\" data-e-type=\"widget\" data-widget_type=\"uipro-heading.default\">\n\t\t\t\t<div class=\"elementor-widget-container\">\n\t\t\t\t\t<div class=\"templaza-parallax templaza-widget-heading template-base\">    <div data-scroll  class=\"sc_heading uk-flex uk-flex-column uk-position-relative center \"><h1 class=\"title uk-h1 uk-margin-remove\"><span class=\"heading-highlighted-wrapper\"><span class=\"heading-plain-text\">Investition<\/span><\/span><\/h1><\/div><\/div>\t\t\t\t<\/div>\n\t\t\t\t<\/div>\n\t\t\t\t\t<\/div>\n\t\t\t\t<\/div>\n\t\t\t\t<section class=\"elementor-section elementor-top-section elementor-element elementor-element-673b029a elementor-section-content-middle elementor-section-boxed elementor-section-height-default elementor-section-height-default\" data-id=\"673b029a\" data-element_type=\"section\" data-e-type=\"section\">\n\t\t\t\t\t\t<div class=\"elementor-container elementor-column-gap-no\">\n\t\t\t\t\t<div class=\"elementor-column elementor-col-50 elementor-top-column elementor-element elementor-element-6ef1a2a6\" data-id=\"6ef1a2a6\" data-element_type=\"column\" data-e-type=\"column\">\n\t\t\t<div class=\"elementor-widget-wrap elementor-element-populated\">\n\t\t\t\t\t\t<div class=\"elementor-element elementor-element-7f6106c2 elementor-widget__width-inherit elementor-widget elementor-widget-uipro-uiimage\" data-id=\"7f6106c2\" data-element_type=\"widget\" data-e-type=\"widget\" data-widget_type=\"uipro-uiimage.default\">\n\t\t\t\t<div class=\"elementor-widget-container\">\n\t\t\t\t\t<div class=\"templaza-parallax templaza-widget-uiimage template-base\"><div class=\"ui-image\"><div class=\"uk-inline uk-overflow-hidden ui-image-detail ui-image-flash-effect\"><div class=\"ui-blend uk-inline uk-transition-toggle\"><img decoding=\"async\" src=\"https:\/\/set-sail.fr\/wp-content\/uploads\/2024\/03\/Grand-Soleil-50-1-e1711710424126.jpeg\" data-src=\"https:\/\/set-sail.fr\/wp-content\/uploads\/2024\/03\/Grand-Soleil-50-1-e1711710424126.jpeg\" title=\"\" alt=\"\" class=\" uk-transition-scale-down uk-transition-opaque\" data-uk-img \/><\/div><\/div><\/div><\/div>\t\t\t\t<\/div>\n\t\t\t\t<\/div>\n\t\t\t\t\t<\/div>\n\t\t<\/div>\n\t\t\t\t<div class=\"elementor-column elementor-col-50 elementor-top-column elementor-element elementor-element-731ac8f0\" data-id=\"731ac8f0\" data-element_type=\"column\" data-e-type=\"column\">\n\t\t\t<div class=\"elementor-widget-wrap elementor-element-populated\">\n\t\t\t\t\t\t<div class=\"elementor-element elementor-element-5a677cff elementor-widget elementor-widget-uipro-heading\" data-id=\"5a677cff\" data-element_type=\"widget\" data-e-type=\"widget\" data-widget_type=\"uipro-heading.default\">\n\t\t\t\t<div class=\"elementor-widget-container\">\n\t\t\t\t\t<div class=\"templaza-parallax templaza-widget-heading template-base\">    <div data-scroll  class=\"sc_heading uk-flex uk-flex-column uk-position-relative \"><h3 class=\"title uk-h3 uk-margin-remove\"><span class=\"heading-highlighted-wrapper\"><span class=\"heading-plain-text\">Ein intelligenter Kauf, eine Einnahmequelle und Genuss<\/span><\/span><\/h3><\/div><\/div>\t\t\t\t<\/div>\n\t\t\t\t<\/div>\n\t\t\t\t<div class=\"elementor-element elementor-element-65c5028e elementor-widget elementor-widget-text-editor\" data-id=\"65c5028e\" data-element_type=\"widget\" data-e-type=\"widget\" data-widget_type=\"text-editor.default\">\n\t\t\t\t<div class=\"elementor-widget-container\">\n\t\t\t\t\t\t\t\t\t<p>Meeresliebhaber, Sie m\u00f6chten ein neues oder gebrauchtes Boot kaufen, wissen jedoch, dass Sie es nur wenig nutzen werden.<\/p><p>Erfahrener Investor, Sie suchen eine sichere Anlage ohne die Einschr\u00e4nkungen der Immobilieninvestition.<\/p><p>Wir bieten Ihnen die M\u00f6glichkeit, ein neues oder gebrauchtes Boot \u00fcber das Angebot Boat+ by Set Sail zu erwerben.<\/p><p>Ein ma\u00dfgeschneidertes Angebot, um eine Einheit als Teil- oder Vollbesitz zu erwerben, sie nach Ihrem Zeitplan zu nutzen und ein zus\u00e4tzliches Mietinkommen zu erzielen.<\/p>\t\t\t\t\t\t\t\t<\/div>\n\t\t\t\t<\/div>\n\t\t\t\t\t<\/div>\n\t\t<\/div>\n\t\t\t\t\t<\/div>\n\t\t<\/section>\n\t\t<div class=\"elementor-element elementor-element-5d5c930 e-flex e-con-boxed e-con e-parent\" data-id=\"5d5c930\" data-element_type=\"container\" data-e-type=\"container\">\n\t\t\t\t\t<div class=\"e-con-inner\">\n\t\t<div class=\"elementor-element elementor-element-ff1cca1 e-flex e-con-boxed e-con e-child\" data-id=\"ff1cca1\" data-element_type=\"container\" data-e-type=\"container\">\n\t\t\t\t\t<div class=\"e-con-inner\">\n\t\t<div class=\"elementor-element elementor-element-7c08ce5 e-con-full e-flex e-con e-child\" data-id=\"7c08ce5\" data-element_type=\"container\" data-e-type=\"container\">\n\t\t<div class=\"elementor-element elementor-element-b2cb354 e-con-full e-flex e-con e-child\" data-id=\"b2cb354\" data-element_type=\"container\" data-e-type=\"container\">\n\t\t\t\t<div class=\"elementor-element elementor-element-67e0675 elementor-widget elementor-widget-heading\" data-id=\"67e0675\" data-element_type=\"widget\" data-e-type=\"widget\" data-widget_type=\"heading.default\">\n\t\t\t\t<div class=\"elementor-widget-container\">\n\t\t\t\t\t<h1 class=\"elementor-heading-title elementor-size-default\">01<\/h1>\t\t\t\t<\/div>\n\t\t\t\t<\/div>\n\t\t\t\t<div class=\"elementor-element elementor-element-36894dc elementor-widget elementor-widget-heading\" data-id=\"36894dc\" data-element_type=\"widget\" data-e-type=\"widget\" data-widget_type=\"heading.default\">\n\t\t\t\t<div class=\"elementor-widget-container\">\n\t\t\t\t\t<span class=\"elementor-heading-title elementor-size-default\">Eine Investition, die Freude macht<\/span>\t\t\t\t<\/div>\n\t\t\t\t<\/div>\n\t\t\t\t<\/div>\n\t\t<div class=\"elementor-element elementor-element-3775eec e-con-full e-flex e-con e-child\" data-id=\"3775eec\" data-element_type=\"container\" data-e-type=\"container\" data-settings=\"{&quot;background_background&quot;:&quot;classic&quot;}\">\n\t\t\t\t<div class=\"elementor-element elementor-element-d4b539a elementor-widget elementor-widget-heading\" data-id=\"d4b539a\" data-element_type=\"widget\" data-e-type=\"widget\" data-widget_type=\"heading.default\">\n\t\t\t\t<div class=\"elementor-widget-container\">\n\t\t\t\t\t<h1 class=\"elementor-heading-title elementor-size-default\">02<\/h1>\t\t\t\t<\/div>\n\t\t\t\t<\/div>\n\t\t\t\t<div class=\"elementor-element elementor-element-03211bc elementor-widget elementor-widget-heading\" data-id=\"03211bc\" data-element_type=\"widget\" data-e-type=\"widget\" data-widget_type=\"heading.default\">\n\t\t\t\t<div class=\"elementor-widget-container\">\n\t\t\t\t\t<span class=\"elementor-heading-title elementor-size-default\">Vollst\u00e4ndige Finanzierung m\u00f6glich<\/span>\t\t\t\t<\/div>\n\t\t\t\t<\/div>\n\t\t\t\t<\/div>\n\t\t<div class=\"elementor-element elementor-element-1cf7a59 e-con-full e-flex e-con e-child\" data-id=\"1cf7a59\" data-element_type=\"container\" data-e-type=\"container\">\n\t\t\t\t<div class=\"elementor-element elementor-element-558eba9 elementor-widget elementor-widget-heading\" data-id=\"558eba9\" data-element_type=\"widget\" data-e-type=\"widget\" data-widget_type=\"heading.default\">\n\t\t\t\t<div class=\"elementor-widget-container\">\n\t\t\t\t\t<h1 class=\"elementor-heading-title elementor-size-default\">03<\/h1>\t\t\t\t<\/div>\n\t\t\t\t<\/div>\n\t\t\t\t<div class=\"elementor-element elementor-element-c895210 elementor-widget elementor-widget-heading\" data-id=\"c895210\" data-element_type=\"widget\" data-e-type=\"widget\" data-widget_type=\"heading.default\">\n\t\t\t\t<div class=\"elementor-widget-container\">\n\t\t\t\t\t<span class=\"elementor-heading-title elementor-size-default\">Ab 5.000 \u20ac<\/span>\t\t\t\t<\/div>\n\t\t\t\t<\/div>\n\t\t\t\t<\/div>\n\t\t<div class=\"elementor-element elementor-element-ce4a6aa e-con-full e-flex e-con e-child\" data-id=\"ce4a6aa\" data-element_type=\"container\" data-e-type=\"container\" data-settings=\"{&quot;background_background&quot;:&quot;classic&quot;}\">\n\t\t\t\t<div class=\"elementor-element elementor-element-6a8c9ed elementor-widget elementor-widget-heading\" data-id=\"6a8c9ed\" data-element_type=\"widget\" data-e-type=\"widget\" data-widget_type=\"heading.default\">\n\t\t\t\t<div class=\"elementor-widget-container\">\n\t\t\t\t\t<h1 class=\"elementor-heading-title elementor-size-default\">04<\/h1>\t\t\t\t<\/div>\n\t\t\t\t<\/div>\n\t\t\t\t<div class=\"elementor-element elementor-element-63df1d8 elementor-widget elementor-widget-heading\" data-id=\"63df1d8\" data-element_type=\"widget\" data-e-type=\"widget\" data-widget_type=\"heading.default\">\n\t\t\t\t<div class=\"elementor-widget-container\">\n\t\t\t\t\t<span class=\"elementor-heading-title elementor-size-default\">Garantiertes Kapital<\/span>\t\t\t\t<\/div>\n\t\t\t\t<\/div>\n\t\t\t\t<\/div>\n\t\t\t\t<\/div>\n\t\t<div class=\"elementor-element elementor-element-026bf01 e-con-full e-flex e-con e-child\" data-id=\"026bf01\" data-element_type=\"container\" data-e-type=\"container\">\n\t\t<div class=\"elementor-element elementor-element-ab7b7f9 e-con-full e-flex e-con e-child\" data-id=\"ab7b7f9\" data-element_type=\"container\" data-e-type=\"container\" data-settings=\"{&quot;background_background&quot;:&quot;classic&quot;}\">\n\t\t\t\t<div class=\"elementor-element elementor-element-7807a9a elementor-widget elementor-widget-heading\" data-id=\"7807a9a\" data-element_type=\"widget\" data-e-type=\"widget\" data-widget_type=\"heading.default\">\n\t\t\t\t<div class=\"elementor-widget-container\">\n\t\t\t\t\t<h1 class=\"elementor-heading-title elementor-size-default\">05<\/h1>\t\t\t\t<\/div>\n\t\t\t\t<\/div>\n\t\t\t\t<div class=\"elementor-element elementor-element-5574ff0 elementor-widget elementor-widget-heading\" data-id=\"5574ff0\" data-element_type=\"widget\" data-e-type=\"widget\" data-widget_type=\"heading.default\">\n\t\t\t\t<div class=\"elementor-widget-container\">\n\t\t\t\t\t<span class=\"elementor-heading-title elementor-size-default\">Mindest-Rendite von 6%<\/span>\t\t\t\t<\/div>\n\t\t\t\t<\/div>\n\t\t\t\t<\/div>\n\t\t<div class=\"elementor-element elementor-element-88fe2d4 e-con-full e-flex e-con e-child\" data-id=\"88fe2d4\" data-element_type=\"container\" data-e-type=\"container\">\n\t\t\t\t<div class=\"elementor-element elementor-element-bd6dbcc elementor-widget elementor-widget-heading\" data-id=\"bd6dbcc\" data-element_type=\"widget\" data-e-type=\"widget\" data-widget_type=\"heading.default\">\n\t\t\t\t<div class=\"elementor-widget-container\">\n\t\t\t\t\t<h1 class=\"elementor-heading-title elementor-size-default\">o6<\/h1>\t\t\t\t<\/div>\n\t\t\t\t<\/div>\n\t\t\t\t<div class=\"elementor-element elementor-element-52d40ac elementor-widget elementor-widget-heading\" data-id=\"52d40ac\" data-element_type=\"widget\" data-e-type=\"widget\" data-widget_type=\"heading.default\">\n\t\t\t\t<div class=\"elementor-widget-container\">\n\t\t\t\t\t<span class=\"elementor-heading-title elementor-size-default\">Empfohlene Investitionsdauer: 7 Jahre<\/span>\t\t\t\t<\/div>\n\t\t\t\t<\/div>\n\t\t\t\t<\/div>\n\t\t<div class=\"elementor-element elementor-element-a3f7709 e-con-full e-flex e-con e-child\" data-id=\"a3f7709\" data-element_type=\"container\" data-e-type=\"container\" data-settings=\"{&quot;background_background&quot;:&quot;classic&quot;}\">\n\t\t\t\t<div class=\"elementor-element elementor-element-1c62a7d elementor-widget elementor-widget-heading\" data-id=\"1c62a7d\" data-element_type=\"widget\" data-e-type=\"widget\" data-widget_type=\"heading.default\">\n\t\t\t\t<div class=\"elementor-widget-container\">\n\t\t\t\t\t<h1 class=\"elementor-heading-title elementor-size-default\">07<\/h1>\t\t\t\t<\/div>\n\t\t\t\t<\/div>\n\t\t\t\t<div class=\"elementor-element elementor-element-48b62be elementor-widget elementor-widget-heading\" data-id=\"48b62be\" data-element_type=\"widget\" data-e-type=\"widget\" data-widget_type=\"heading.default\">\n\t\t\t\t<div class=\"elementor-widget-container\">\n\t\t\t\t\t<span class=\"elementor-heading-title elementor-size-default\">Einladung zu den Veranstaltungen des Boat+ Investor Clubs<\/span>\t\t\t\t<\/div>\n\t\t\t\t<\/div>\n\t\t\t\t<\/div>\n\t\t<div class=\"elementor-element elementor-element-710db64 e-con-full customHidden e-flex e-con e-child\" data-id=\"710db64\" data-element_type=\"container\" data-e-type=\"container\">\n\t\t\t\t<div class=\"elementor-element elementor-element-d2aa5dd elementor-widget elementor-widget-heading\" data-id=\"d2aa5dd\" data-element_type=\"widget\" data-e-type=\"widget\" data-widget_type=\"heading.default\">\n\t\t\t\t<div class=\"elementor-widget-container\">\n\t\t\t\t\t<h1 class=\"elementor-heading-title elementor-size-default\">08<\/h1>\t\t\t\t<\/div>\n\t\t\t\t<\/div>\n\t\t\t\t<\/div>\n\t\t\t\t<\/div>\n\t\t\t\t\t<\/div>\n\t\t\t\t<\/div>\n\t\t\t\t\t<\/div>\n\t\t\t\t<\/div>\n\t\t\t\t<\/div>\n\t\t","protected":false},"excerpt":{"rendered":"<p>Investition Ein intelligenter Kauf, eine Einnahmequelle und Genuss Meeresliebhaber, Sie m\u00f6chten ein neues oder gebrauchtes Boot kaufen, wissen jedoch, dass Sie es nur wenig nutzen werden. Erfahrener Investor, Sie suchen eine sichere Anlage ohne die Einschr\u00e4nkungen der Immobilieninvestition. Wir bieten Ihnen die M\u00f6glichkeit, ein neues oder gebrauchtes Boot \u00fcber das Angebot Boat+ by Set Sail&hellip; <a class=\"more-link\" href=\"https:\/\/set-sail.fr\/de\/besitzer-bereich\/investition\/\">Continue reading <span class=\"screen-reader-text\">Investition<\/span><\/a><\/p>\n","protected":false},"author":1,"featured_media":0,"parent":21425,"menu_order":0,"comment_status":"closed","ping_status":"closed","template":"","meta":{"_acf_changed":false,"inline_featured_image":false,"footnotes":""},"class_list":["post-21431","page","type-page","status-publish","hentry"],"acf":[],"yoast_head":"<!-- This site is optimized with the Yoast SEO plugin v27.3 - https:\/\/yoast.com\/product\/yoast-seo-wordpress\/ -->\n<title>Investition - Set Sail<\/title>\n<meta name=\"robots\" content=\"index, follow, max-snippet:-1, max-image-preview:large, max-video-preview:-1\" \/>\n<link rel=\"canonical\" href=\"https:\/\/set-sail.fr\/de\/besitzer-bereich\/investition\/\" \/>\n<meta property=\"og:locale\" content=\"de_DE\" \/>\n<meta property=\"og:type\" content=\"article\" \/>\n<meta property=\"og:title\" content=\"Investition - Set Sail\" \/>\n<meta property=\"og:description\" content=\"Investition Ein intelligenter Kauf, eine Einnahmequelle und Genuss Meeresliebhaber, Sie m\u00f6chten ein neues oder gebrauchtes Boot kaufen, wissen jedoch, dass Sie es nur wenig nutzen werden. Erfahrener Investor, Sie suchen eine sichere Anlage ohne die Einschr\u00e4nkungen der Immobilieninvestition. Wir bieten Ihnen die M\u00f6glichkeit, ein neues oder gebrauchtes Boot \u00fcber das Angebot Boat+ by Set Sail&hellip; Continue reading Investition\" \/>\n<meta property=\"og:url\" content=\"https:\/\/set-sail.fr\/de\/besitzer-bereich\/investition\/\" \/>\n<meta property=\"og:site_name\" content=\"Set Sail\" \/>\n<meta property=\"article:publisher\" content=\"https:\/\/www.facebook.com\/set.sail.france\/\" \/>\n<meta property=\"article:modified_time\" content=\"2025-01-18T19:35:33+00:00\" \/>\n<meta property=\"og:image\" content=\"https:\/\/set-sail.fr\/wp-content\/uploads\/2024\/03\/Grand-Soleil-50-1-e1711710424126.jpeg\" \/>\n<meta name=\"twitter:card\" content=\"summary_large_image\" \/>\n<meta name=\"twitter:site\" content=\"@set_sail_france\" \/>\n<meta name=\"twitter:label1\" content=\"Est. reading time\" \/>\n\t<meta name=\"twitter:data1\" content=\"1 minute\" \/>\n<script type=\"application\/ld+json\" class=\"yoast-schema-graph\">{\"@context\":\"https:\\\/\\\/schema.org\",\"@graph\":[{\"@type\":\"WebPage\",\"@id\":\"https:\\\/\\\/set-sail.fr\\\/de\\\/besitzer-bereich\\\/investition\\\/\",\"url\":\"https:\\\/\\\/set-sail.fr\\\/de\\\/besitzer-bereich\\\/investition\\\/\",\"name\":\"Investition - Set Sail\",\"isPartOf\":{\"@id\":\"https:\\\/\\\/set-sail.fr\\\/de\\\/#website\"},\"primaryImageOfPage\":{\"@id\":\"https:\\\/\\\/set-sail.fr\\\/de\\\/besitzer-bereich\\\/investition\\\/#primaryimage\"},\"image\":{\"@id\":\"https:\\\/\\\/set-sail.fr\\\/de\\\/besitzer-bereich\\\/investition\\\/#primaryimage\"},\"thumbnailUrl\":\"https:\\\/\\\/set-sail.fr\\\/wp-content\\\/uploads\\\/2024\\\/03\\\/Grand-Soleil-50-1-e1711710424126.jpeg\",\"datePublished\":\"2024-03-26T08:52:05+00:00\",\"dateModified\":\"2025-01-18T19:35:33+00:00\",\"breadcrumb\":{\"@id\":\"https:\\\/\\\/set-sail.fr\\\/de\\\/besitzer-bereich\\\/investition\\\/#breadcrumb\"},\"inLanguage\":\"de-DE\",\"potentialAction\":[{\"@type\":\"ReadAction\",\"target\":[\"https:\\\/\\\/set-sail.fr\\\/de\\\/besitzer-bereich\\\/investition\\\/\"]}]},{\"@type\":\"ImageObject\",\"inLanguage\":\"de-DE\",\"@id\":\"https:\\\/\\\/set-sail.fr\\\/de\\\/besitzer-bereich\\\/investition\\\/#primaryimage\",\"url\":\"https:\\\/\\\/set-sail.fr\\\/wp-content\\\/uploads\\\/2024\\\/03\\\/Grand-Soleil-50-1-e1711710424126.jpeg\",\"contentUrl\":\"https:\\\/\\\/set-sail.fr\\\/wp-content\\\/uploads\\\/2024\\\/03\\\/Grand-Soleil-50-1-e1711710424126.jpeg\"},{\"@type\":\"BreadcrumbList\",\"@id\":\"https:\\\/\\\/set-sail.fr\\\/de\\\/besitzer-bereich\\\/investition\\\/#breadcrumb\",\"itemListElement\":[{\"@type\":\"ListItem\",\"position\":1,\"name\":\"Accueil\",\"item\":\"https:\\\/\\\/set-sail.fr\\\/de\\\/\"},{\"@type\":\"ListItem\",\"position\":2,\"name\":\"Eigent\u00fcmerbereich\",\"item\":\"https:\\\/\\\/set-sail.fr\\\/de\\\/espace-proprietaire-2\\\/\"},{\"@type\":\"ListItem\",\"position\":3,\"name\":\"Investition\"}]},{\"@type\":\"WebSite\",\"@id\":\"https:\\\/\\\/set-sail.fr\\\/de\\\/#website\",\"url\":\"https:\\\/\\\/set-sail.fr\\\/de\\\/\",\"name\":\"Set Sail\",\"description\":\"Mettons les voiles ensemble - Gestion\\\/Location Bateau sur le bassin M\u00e9diterran\u00e9en - Toulon - La Seyne-sur-Mer - Saint Mandrier - Porquerolles\",\"publisher\":{\"@id\":\"https:\\\/\\\/set-sail.fr\\\/de\\\/#organization\"},\"potentialAction\":[{\"@type\":\"SearchAction\",\"target\":{\"@type\":\"EntryPoint\",\"urlTemplate\":\"https:\\\/\\\/set-sail.fr\\\/de\\\/?s={search_term_string}\"},\"query-input\":{\"@type\":\"PropertyValueSpecification\",\"valueRequired\":true,\"valueName\":\"search_term_string\"}}],\"inLanguage\":\"de-DE\"},{\"@type\":\"Organization\",\"@id\":\"https:\\\/\\\/set-sail.fr\\\/de\\\/#organization\",\"name\":\"Set Sail\",\"url\":\"https:\\\/\\\/set-sail.fr\\\/de\\\/\",\"logo\":{\"@type\":\"ImageObject\",\"inLanguage\":\"de-DE\",\"@id\":\"https:\\\/\\\/set-sail.fr\\\/de\\\/#\\\/schema\\\/logo\\\/image\\\/\",\"url\":\"https:\\\/\\\/set-sail.fr\\\/wp-content\\\/uploads\\\/2023\\\/02\\\/logo-bleu.png\",\"contentUrl\":\"https:\\\/\\\/set-sail.fr\\\/wp-content\\\/uploads\\\/2023\\\/02\\\/logo-bleu.png\",\"width\":657,\"height\":270,\"caption\":\"Set Sail\"},\"image\":{\"@id\":\"https:\\\/\\\/set-sail.fr\\\/de\\\/#\\\/schema\\\/logo\\\/image\\\/\"},\"sameAs\":[\"https:\\\/\\\/www.facebook.com\\\/set.sail.france\\\/\",\"https:\\\/\\\/x.com\\\/set_sail_france\",\"https:\\\/\\\/www.instagram.com\\\/set_sail_france\\\/\"]}]}<\/script>\n<!-- \/ Yoast SEO plugin. -->","yoast_head_json":{"title":"Investition - Set Sail","robots":{"index":"index","follow":"follow","max-snippet":"max-snippet:-1","max-image-preview":"max-image-preview:large","max-video-preview":"max-video-preview:-1"},"canonical":"https:\/\/set-sail.fr\/de\/besitzer-bereich\/investition\/","og_locale":"de_DE","og_type":"article","og_title":"Investition - Set Sail","og_description":"Investition Ein intelligenter Kauf, eine Einnahmequelle und Genuss Meeresliebhaber, Sie m\u00f6chten ein neues oder gebrauchtes Boot kaufen, wissen jedoch, dass Sie es nur wenig nutzen werden. Erfahrener Investor, Sie suchen eine sichere Anlage ohne die Einschr\u00e4nkungen der Immobilieninvestition. Wir bieten Ihnen die M\u00f6glichkeit, ein neues oder gebrauchtes Boot \u00fcber das Angebot Boat+ by Set Sail&hellip; Continue reading Investition","og_url":"https:\/\/set-sail.fr\/de\/besitzer-bereich\/investition\/","og_site_name":"Set Sail","article_publisher":"https:\/\/www.facebook.com\/set.sail.france\/","article_modified_time":"2025-01-18T19:35:33+00:00","og_image":[{"url":"https:\/\/set-sail.fr\/wp-content\/uploads\/2024\/03\/Grand-Soleil-50-1-e1711710424126.jpeg","type":"","width":"","height":""}],"twitter_card":"summary_large_image","twitter_site":"@set_sail_france","twitter_misc":{"Est. reading time":"1 minute"},"schema":{"@context":"https:\/\/schema.org","@graph":[{"@type":"WebPage","@id":"https:\/\/set-sail.fr\/de\/besitzer-bereich\/investition\/","url":"https:\/\/set-sail.fr\/de\/besitzer-bereich\/investition\/","name":"Investition - Set Sail","isPartOf":{"@id":"https:\/\/set-sail.fr\/de\/#website"},"primaryImageOfPage":{"@id":"https:\/\/set-sail.fr\/de\/besitzer-bereich\/investition\/#primaryimage"},"image":{"@id":"https:\/\/set-sail.fr\/de\/besitzer-bereich\/investition\/#primaryimage"},"thumbnailUrl":"https:\/\/set-sail.fr\/wp-content\/uploads\/2024\/03\/Grand-Soleil-50-1-e1711710424126.jpeg","datePublished":"2024-03-26T08:52:05+00:00","dateModified":"2025-01-18T19:35:33+00:00","breadcrumb":{"@id":"https:\/\/set-sail.fr\/de\/besitzer-bereich\/investition\/#breadcrumb"},"inLanguage":"de-DE","potentialAction":[{"@type":"ReadAction","target":["https:\/\/set-sail.fr\/de\/besitzer-bereich\/investition\/"]}]},{"@type":"ImageObject","inLanguage":"de-DE","@id":"https:\/\/set-sail.fr\/de\/besitzer-bereich\/investition\/#primaryimage","url":"https:\/\/set-sail.fr\/wp-content\/uploads\/2024\/03\/Grand-Soleil-50-1-e1711710424126.jpeg","contentUrl":"https:\/\/set-sail.fr\/wp-content\/uploads\/2024\/03\/Grand-Soleil-50-1-e1711710424126.jpeg"},{"@type":"BreadcrumbList","@id":"https:\/\/set-sail.fr\/de\/besitzer-bereich\/investition\/#breadcrumb","itemListElement":[{"@type":"ListItem","position":1,"name":"Accueil","item":"https:\/\/set-sail.fr\/de\/"},{"@type":"ListItem","position":2,"name":"Eigent\u00fcmerbereich","item":"https:\/\/set-sail.fr\/de\/espace-proprietaire-2\/"},{"@type":"ListItem","position":3,"name":"Investition"}]},{"@type":"WebSite","@id":"https:\/\/set-sail.fr\/de\/#website","url":"https:\/\/set-sail.fr\/de\/","name":"Set Sail","description":"Mettons les voiles ensemble - Gestion\/Location Bateau sur le bassin M\u00e9diterran\u00e9en - Toulon - La Seyne-sur-Mer - Saint Mandrier - Porquerolles","publisher":{"@id":"https:\/\/set-sail.fr\/de\/#organization"},"potentialAction":[{"@type":"SearchAction","target":{"@type":"EntryPoint","urlTemplate":"https:\/\/set-sail.fr\/de\/?s={search_term_string}"},"query-input":{"@type":"PropertyValueSpecification","valueRequired":true,"valueName":"search_term_string"}}],"inLanguage":"de-DE"},{"@type":"Organization","@id":"https:\/\/set-sail.fr\/de\/#organization","name":"Set Sail","url":"https:\/\/set-sail.fr\/de\/","logo":{"@type":"ImageObject","inLanguage":"de-DE","@id":"https:\/\/set-sail.fr\/de\/#\/schema\/logo\/image\/","url":"https:\/\/set-sail.fr\/wp-content\/uploads\/2023\/02\/logo-bleu.png","contentUrl":"https:\/\/set-sail.fr\/wp-content\/uploads\/2023\/02\/logo-bleu.png","width":657,"height":270,"caption":"Set Sail"},"image":{"@id":"https:\/\/set-sail.fr\/de\/#\/schema\/logo\/image\/"},"sameAs":["https:\/\/www.facebook.com\/set.sail.france\/","https:\/\/x.com\/set_sail_france","https:\/\/www.instagram.com\/set_sail_france\/"]}]}},"_links":{"self":[{"href":"https:\/\/set-sail.fr\/de\/wp-json\/wp\/v2\/pages\/21431","targetHints":{"allow":["GET"]}}],"collection":[{"href":"https:\/\/set-sail.fr\/de\/wp-json\/wp\/v2\/pages"}],"about":[{"href":"https:\/\/set-sail.fr\/de\/wp-json\/wp\/v2\/types\/page"}],"author":[{"embeddable":true,"href":"https:\/\/set-sail.fr\/de\/wp-json\/wp\/v2\/users\/1"}],"replies":[{"embeddable":true,"href":"https:\/\/set-sail.fr\/de\/wp-json\/wp\/v2\/comments?post=21431"}],"version-history":[{"count":4,"href":"https:\/\/set-sail.fr\/de\/wp-json\/wp\/v2\/pages\/21431\/revisions"}],"predecessor-version":[{"id":21665,"href":"https:\/\/set-sail.fr\/de\/wp-json\/wp\/v2\/pages\/21431\/revisions\/21665"}],"up":[{"embeddable":true,"href":"https:\/\/set-sail.fr\/de\/wp-json\/wp\/v2\/pages\/21425"}],"wp:attachment":[{"href":"https:\/\/set-sail.fr\/de\/wp-json\/wp\/v2\/media?parent=21431"}],"curies":[{"name":"wp","href":"https:\/\/api.w.org\/{rel}","templated":true}]}}